{"id":68,"date":"2018-03-10T20:43:54","date_gmt":"2018-03-10T19:43:54","guid":{"rendered":"http:\/\/rupiewicz.art\/?page_id=68"},"modified":"2023-10-22T18:18:20","modified_gmt":"2023-10-22T16:18:20","slug":"brama-creatio-fantastica","status":"publish","type":"page","link":"https:\/\/rupiewicz.art\/?page_id=68","title":{"rendered":"Brama \u2013 Creatio Fantastica"},"content":{"rendered":"<p align=\"JUSTIFY\"><img decoding=\"async\" loading=\"lazy\" class=\"size-medium wp-image-69 alignleft\" src=\"http:\/\/rupiewicz.art\/wp-content\/uploads\/2018\/03\/ok\u0142adka_creatio-210x300.png\" alt=\"\" width=\"210\" height=\"300\" srcset=\"https:\/\/rupiewicz.art\/wp-content\/uploads\/2018\/03\/ok\u0142adka_creatio-210x300.png 210w, https:\/\/rupiewicz.art\/wp-content\/uploads\/2018\/03\/ok\u0142adka_creatio.png 470w\" sizes=\"(max-width: 210px) 100vw, 210px\" \/>Brama<\/p>\n<p align=\"JUSTIFY\">Creatio Fantastica<\/p>\n<p align=\"JUSTIFY\">rok 2015<\/p>\n<p>&nbsp;<br \/>\n&nbsp;<br \/>\n&nbsp;<br \/>\n&nbsp;<br \/>\n&nbsp;<\/p>\n<p align=\"JUSTIFY\">Port\u00e9 obudzi\u0142 si\u0119 w ramionach Liljan. Musia\u0142 zasn\u0105\u0107 na chwil\u0119. Patrzy\u0142, jak kobieta g\u0142adzi jego pier\u015b, lekko unosz\u0105c palce, aby szpony nie porani\u0142y sk\u00f3ry.<\/p>\n<p align=\"JUSTIFY\">\u2015 Kto\u015b idzie \u2015 szepn\u0119\u0142a dziewczyna i ju\u017c jej nie by\u0142o.<\/p>\n<p align=\"JUSTIFY\">Opad\u0142 na ch\u0142odn\u0105 traw\u0119. Uwielbia\u0142, kiedy znika\u0142y, zw\u0142aszcza bez ostrze\u017cenia. Czasami jeszcze przez kilka minut m\u00f3wi\u0142 do siebie, utwierdzaj\u0105c nadchodz\u0105c\u0105 osob\u0119 w przekonaniu, \u017ce ma do czynienia z wariatem.<\/p>\n<p align=\"JUSTIFY\">Wspar\u0142 si\u0119 na \u0142okciach i rozgl\u0105da\u0142 za intruzem. Zza wzg\u00f3rza wy\u0142oni\u0142a si\u0119 jego m\u0142odsza siostra.<\/p>\n<p align=\"JUSTIFY\">\u2015 Port\u00e9! \u2015 krzykn\u0119\u0142a. \u2015 Ojce was wo\u0142aj\u0105. Do wsi \u017co\u0142nierze zjechali. Ojce im m\u00f3wili, \u017ce ty chory, ale nie s\u0142uchaj\u0105. Oni ka\u017cdego bior\u0105. M\u00f3wi\u0105, \u017ce rozum na wojnie niepotrzebny.<\/p>\n<p align=\"JUSTIFY\">Prawie ca\u0142\u0105 wiadomo\u015b\u0107 zdo\u0142a\u0142a wyrzuci\u0107 z siebie na jednym oddechu. Uwielbia\u0142 takie potoki s\u0142\u00f3w wypowiadane w j\u0119zyku ludzi. Wy\u0142apa\u0142 s\u0142owa-klucze i posk\u0142ada\u0142 informacje w ca\u0142o\u015b\u0107. Skin\u0105\u0142 g\u0142ow\u0105 na znak, \u017ce zrozumia\u0142.<\/p>\n<p align=\"JUSTIFY\">Zuzia wzi\u0119\u0142a go za r\u0119k\u0119 i poci\u0105gn\u0119\u0142a w kierunku domu. Mo\u017ce ba\u0142a si\u0119, \u017ce sam nie trafi.<\/p>\n","protected":false},"excerpt":{"rendered":"<p>Brama Creatio Fantastica rok 2015 &nbsp; &nbsp; &nbsp; &nbsp; &nbsp; Port\u00e9 obudzi\u0142 si\u0119 w ramionach Liljan. Musia\u0142 zasn\u0105\u0107 na chwil\u0119. Patrzy\u0142, jak kobieta g\u0142adzi jego pier\u015b, lekko unosz\u0105c palce, aby szpony nie porani\u0142y sk\u00f3ry. \u2015 Kto\u015b idzie \u2015 szepn\u0119\u0142a dziewczyna i ju\u017c jej nie by\u0142o. Opad\u0142 na ch\u0142odn\u0105 traw\u0119. Uwielbia\u0142, kiedy znika\u0142y, zw\u0142aszcza bez ostrze\u017cenia.&hellip;<\/p>\n","protected":false},"author":1,"featured_media":0,"parent":0,"menu_order":0,"comment_status":"closed","ping_status":"closed","template":"","meta":{"ngg_post_thumbnail":0,"footnotes":""},"_links":{"self":[{"href":"https:\/\/rupiewicz.art\/index.php?rest_route=\/wp\/v2\/pages\/68"}],"collection":[{"href":"https:\/\/rupiewicz.art\/index.php?rest_route=\/wp\/v2\/pages"}],"about":[{"href":"https:\/\/rupiewicz.art\/index.php?rest_route=\/wp\/v2\/types\/page"}],"author":[{"embeddable":true,"href":"https:\/\/rupiewicz.art\/index.php?rest_route=\/wp\/v2\/users\/1"}],"replies":[{"embeddable":true,"href":"https:\/\/rupiewicz.art\/index.php?rest_route=%2Fwp%2Fv2%2Fcomments&post=68"}],"version-history":[{"count":7,"href":"https:\/\/rupiewicz.art\/index.php?rest_route=\/wp\/v2\/pages\/68\/revisions"}],"predecessor-version":[{"id":276,"href":"https:\/\/rupiewicz.art\/index.php?rest_route=\/wp\/v2\/pages\/68\/revisions\/276"}],"wp:attachment":[{"href":"https:\/\/rupiewicz.art\/index.php?rest_route=%2Fwp%2Fv2%2Fmedia&parent=68"}],"curies":[{"name":"wp","href":"https:\/\/api.w.org\/{rel}","templated":true}]}}