{"id":64,"date":"2018-03-10T19:16:05","date_gmt":"2018-03-10T18:16:05","guid":{"rendered":"http:\/\/rupiewicz.art\/?page_id=64"},"modified":"2018-03-19T18:30:51","modified_gmt":"2018-03-19T17:30:51","slug":"prawi-esensja","status":"publish","type":"page","link":"https:\/\/rupiewicz.art\/?page_id=64","title":{"rendered":"Prawi \u2013 Esensja"},"content":{"rendered":"<div class=\"text t-first\"><img decoding=\"async\" loading=\"lazy\" class=\"size-medium wp-image-65 alignleft\" src=\"http:\/\/rupiewicz.art\/wp-content\/uploads\/2018\/03\/esensja_okladka-214x300.jpg\" alt=\"\" width=\"214\" height=\"300\" srcset=\"https:\/\/rupiewicz.art\/wp-content\/uploads\/2018\/03\/esensja_okladka-214x300.jpg 214w, https:\/\/rupiewicz.art\/wp-content\/uploads\/2018\/03\/esensja_okladka.jpg 500w\" sizes=\"(max-width: 214px) 100vw, 214px\" \/>Prawi<\/div>\n<div>magazyn Esensja<\/div>\n<div>rok 2015<\/div>\n<div><\/div>\n<div><\/div>\n<p>&nbsp;<br \/>\n&nbsp;<br \/>\n&nbsp;<br \/>\n&nbsp;<br \/>\n&nbsp;<br \/>\n&nbsp;<br \/>\n&nbsp;<\/p>\n<div class=\"text t-first\">Znowu obudzi\u0142 mnie b\u00f3l. Najbardziej bola\u0142a prawa r\u0119ka. Nie nogi \u2013 tych nie czu\u0142am wcale. Lekarze na razie nic o tym nie m\u00f3wili, ale przecie\u017c by\u0142am dostatecznie du\u017ca, \u017ceby wiedzie\u0107, co to oznacza. Widzia\u0142am kilka film\u00f3w, w kt\u00f3rych ludzie w szpitalu nie mogli poruszy\u0107 stop\u0105, a potem okazywa\u0142o si\u0119, \u017ce reszt\u0119 \u017cycia sp\u0119dz\u0105 na w\u00f3zku. Bardzo cz\u0119sto jednak wstawali, gdy tylko mocno w to uwierzyli, wi\u0119c nie traci\u0142am jeszcze nadziei.<\/div>\n<div class=\"text\">Twarzy te\u017c nie czu\u0142am, ale w zupe\u0142nie inny spos\u00f3b. Chwilami przebiega\u0142y po niej ciarki albo dr\u0119twia\u0142a, tak jak nogi, gdy siedzi si\u0119 zbyt d\u0142ugo w jednej pozycji. Po zastrzyku zdarza\u0142o si\u0119, \u017ce nawet j\u0119zyk zamienia\u0142 si\u0119 w ko\u0142ek. Piel\u0119gniarka powiedzia\u0142a, \u017ce podaje mi miejscowe znieczulenie i nie mog\u0119 dotyka\u0107 buzi, \u017ceby szwy si\u0119 \u0142adnie goi\u0142y.<\/div>\n<div class=\"text\">Wiedzia\u0142am, \u017ce k\u0142amie, bo by\u0142 to ten charakterystyczny typ k\u0142amstwa, jakiego u\u017cywaj\u0105 doro\u015bli. M\u00f3wi\u0105 \u201eB\u0105d\u017a grzeczna, bo Miko\u0142aj przyniesie ci r\u00f3zg\u0119\u201d albo \u201eJedz warzywa, to szybciej uro\u015bniesz\u201d, a przecie\u017c musz\u0105 si\u0119 domy\u015bla\u0107, \u017ce ju\u017c im nie wierz\u0119. Mimo to stosuj\u0119 si\u0119 do ich zalece\u0144. To taka nasza niepisana umowa. Wszyscy udajemy, \u017ce m\u00f3wi\u0105 prawd\u0119.<\/div>\n<div class=\"text\">Nie dotykam wi\u0119c banda\u017cy przys\u0142aniaj\u0105cych twarz, a czasem nawet si\u0119 zastanawiam, gdzie s\u0105 te szwy i czy b\u0119dzie je bardzo wida\u0107, jak dorosn\u0119.<\/div>\n<div class=\"text\">Lewa r\u0119ka jest ca\u0142a. Mia\u0142a szcz\u0119\u015bcie, skoro nawet zadrapa\u0144 jest na niej niewiele. Mog\u0119 wzywa\u0107 piel\u0119gniark\u0119 albo sama si\u0119gn\u0105\u0107 po wod\u0119 ze s\u0142omk\u0105.<\/div>\n<div class=\"text\">Z wyliczenia wynika wi\u0119c, \u017ce tylko prawa r\u0119ka powinna mnie bole\u0107. Rami\u0119 znajduje si\u0119 dostatecznie wysoko, bym nie straci\u0142a w nim czucia. No i nie mo\u017cna zrobi\u0107 zastrzyku. Nie mo\u017cna, bo prawej r\u0119ki wcale nie ma. Piel\u0119gniarka m\u00f3wi, \u017ce to, co zosta\u0142o, jest znieczulone i tylko mi si\u0119 wydaje. Na pocz\u0105tku k\u0142\u00f3ci\u0142am si\u0119 z ni\u0105, \u017ce jestem pewna, ale robi\u0142a si\u0119 wtedy smutna i patrzy\u0142a tak, jakby nic dobrego w \u017cyciu mnie ju\u017c nie czeka\u0142o. Nie lubi\u0142am tego spojrzenia.<\/div>\n<div class=\"text\">Zauwa\u017cy\u0142am, \u017ce kto\u015b naciska klamk\u0119, i zamkn\u0119\u0142am oczy. Wola\u0142am udawa\u0107, \u017ce \u015bpi\u0119, ni\u017c ogl\u0105da\u0107 te wymuszone u\u015bmiechy. Najgorsi byli moi rodzice. Mia\u0142am wra\u017cenie, \u017ce tu\u017c przed wej\u015bciem chowaj\u0105 mokre od \u0142ez chusteczki, a rozmawiaj\u0105c ze mn\u0105, rozci\u0105gaj\u0105 usta w grymasie u\u015bmiechu, na kt\u00f3ry nie da\u0142aby si\u0119 nabra\u0107 nawet moja m\u0142odsza siostra. Zreszt\u0105 b\u0119d\u0119 j\u0105 mog\u0142a o to zapyta\u0107, jak tylko wyzdrowiej\u0119 na tyle, \u017ceby przej\u015b\u0107 do pokoju obok.<\/div>\n<div class=\"text\">Do \u015brodka wesz\u0142y dwie piel\u0119gniarki. Wiedzia\u0142am, \u017ce to one, jeszcze zanim si\u0119 odezwa\u0142y. Ich buty by\u0142y znacznie cichsze ni\u017c pantofle lekarzy czy foliowe nak\u0142adki rodziny.<\/div>\n<div class=\"text\">\u2013 W dzisiejszej gazecie napisali, \u017ce kierowca m\u00f3g\u0142 by\u0107 pijany \u2013 szepn\u0119\u0142a jedna z nich.<\/div>\n<div class=\"text\">\u2013 Nie wierz\u0119, \u017ce kto\u015b, kto przewozi dzieci, by\u0142 a\u017c tak nieodpowiedzialny \u2013 odpar\u0142a druga.<\/div>\n<div class=\"text\">Przez chwil\u0119 milcza\u0142y. Zdaje si\u0119, \u017ce zbli\u017cy\u0142y si\u0119 do mojego \u0142\u00f3\u017cka.<\/div>\n<div class=\"text\">\u2013 Du\u017co \u015bpi \u2013 powiedzia\u0142a ta pierwsza, jakby nabra\u0142a podejrze\u0144.<\/div>\n<div class=\"text\">\u2013 Po takiej dawce lek\u00f3w? \u2013 spyta\u0142a druga, cho\u0107 mia\u0142am wra\u017cenie, \u017ce to bardziej odpowied\u017a ni\u017c pytanie.<\/div>\n<div class=\"text\">My\u015bl\u0119, \u017ce druga by\u0142a starsza. M\u00f3wi\u0142a zupe\u0142nie tak, jakby t\u0142umaczy\u0142a co\u015b oczywistego.<\/div>\n<div class=\"text\">\u2013 To jej siostra zmar\u0142a dzisiaj rano? \u2013 odezwa\u0142a si\u0119 zn\u00f3w pierwsza.<\/div>\n<div class=\"text\">\u2013 A brat zgin\u0105\u0142 na miejscu \u2013 uzupe\u0142ni\u0142a druga swoim nauczycielskim tonem.<\/div>\n<div class=\"text\">Wiem, \u017ce nie wysz\u0142y od razu. Wymieni\u0142y jeszcze kilka uwag i to mo\u017ce nawet na m\u00f3j temat. Chyba ich ju\u017c nie s\u0142ysza\u0142am lub tylko nie zapami\u0119ta\u0142am s\u0142\u00f3w. Powinnam by\u0142a wybuchn\u0105\u0107 p\u0142aczem. Dlaczego tego nie zrobi\u0142am? Przecie\u017c nie by\u0142am za ma\u0142a, by zrozumie\u0107. Udawa\u0142am, \u017ce \u015bpi\u0119. Wydaje mi si\u0119, \u017ce zanim drzwi zamkn\u0119\u0142y si\u0119 cichutko, ta pierwsza powiedzia\u0142a \u201eJej rodzice zrobiliby wszystko, \u017ceby to si\u0119 nie sta\u0142o\u201d.<\/div>\n<div class=\"text\">Czasami nie jestem pewna, czy nie dopowiedzia\u0142am sobie tego po latach. Rzeczywi\u015bcie, moi rodzice zrobili wszystko. Wstyd mi za siebie, ale ciesz\u0119 si\u0119, \u017ce to by\u0142a ich decyzja, a nie moja. Czy na ich miejscu post\u0105pi\u0142abym tak samo? Nie potrafi\u0119 powiedzie\u0107. Nie dzi\u015b, gdy ju\u017c znam cen\u0119.<\/div>\n<div><\/div>\n<p>&nbsp;<br \/>\n&nbsp;<\/p>\n<div><a href=\"https:\/\/esensja.pl\/tworczosc\/opowiadania\/tekst.html?id=20963&amp;strona=1#strony\">Czytaj dalej na stronie Esensji&#8230;<\/a><\/div>\n","protected":false},"excerpt":{"rendered":"<p>Prawi magazyn Esensja rok 2015 &nbsp; &nbsp; &nbsp; &nbsp; &nbsp; &nbsp; &nbsp; Znowu obudzi\u0142 mnie b\u00f3l. Najbardziej bola\u0142a prawa r\u0119ka. Nie nogi \u2013 tych nie czu\u0142am wcale. Lekarze na razie nic o tym nie m\u00f3wili, ale przecie\u017c by\u0142am dostatecznie du\u017ca, \u017ceby wiedzie\u0107, co to oznacza. Widzia\u0142am kilka film\u00f3w, w kt\u00f3rych ludzie w szpitalu nie mogli&hellip;<\/p>\n","protected":false},"author":1,"featured_media":0,"parent":0,"menu_order":0,"comment_status":"closed","ping_status":"closed","template":"","meta":{"ngg_post_thumbnail":0,"footnotes":""},"_links":{"self":[{"href":"https:\/\/rupiewicz.art\/index.php?rest_route=\/wp\/v2\/pages\/64"}],"collection":[{"href":"https:\/\/rupiewicz.art\/index.php?rest_route=\/wp\/v2\/pages"}],"about":[{"href":"https:\/\/rupiewicz.art\/index.php?rest_route=\/wp\/v2\/types\/page"}],"author":[{"embeddable":true,"href":"https:\/\/rupiewicz.art\/index.php?rest_route=\/wp\/v2\/users\/1"}],"replies":[{"embeddable":true,"href":"https:\/\/rupiewicz.art\/index.php?rest_route=%2Fwp%2Fv2%2Fcomments&post=64"}],"version-history":[{"count":4,"href":"https:\/\/rupiewicz.art\/index.php?rest_route=\/wp\/v2\/pages\/64\/revisions"}],"predecessor-version":[{"id":212,"href":"https:\/\/rupiewicz.art\/index.php?rest_route=\/wp\/v2\/pages\/64\/revisions\/212"}],"wp:attachment":[{"href":"https:\/\/rupiewicz.art\/index.php?rest_route=%2Fwp%2Fv2%2Fmedia&parent=64"}],"curies":[{"name":"wp","href":"https:\/\/api.w.org\/{rel}","templated":true}]}}