{"id":59,"date":"2018-03-10T18:29:12","date_gmt":"2018-03-10T17:29:12","guid":{"rendered":"http:\/\/rupiewicz.art\/?page_id=59"},"modified":"2018-09-08T18:33:35","modified_gmt":"2018-09-08T16:33:35","slug":"swiat-w-pudelku","status":"publish","type":"page","link":"https:\/\/rupiewicz.art\/?page_id=59","title":{"rendered":"\u015awiat w pude\u0142ku"},"content":{"rendered":"<p><img decoding=\"async\" loading=\"lazy\" class=\"size-medium wp-image-10 alignleft\" src=\"https:\/\/rupiewicz.art\/wp-content\/uploads\/2018\/03\/swiat_w_pudelku-192x300.jpg\" alt=\"\" width=\"192\" height=\"300\">Rok wydania: 2018<br \/>\nWydawca: <a href=\"https:\/\/geniuscreations.pl\/ksiazki\/swiat-w-pudelku-katarzyna-rupiewicz\/\">Genius Creations<\/a><\/p>\n<p><a href=\"https:\/\/rupiewicz.art\/?page_id=97\">Fragment<\/a><br \/>\n&nbsp;<br \/>\n&nbsp;<\/p>\n<p align=\"JUSTIFY\">Zmys\u0142owa, poetycka, niepoprawna.<\/p>\n<p align=\"JUSTIFY\">W niedalekiej przysz\u0142o\u015bci nasz \u015bwiat rozwin\u0105\u0142 si\u0119 technologicznie, a potem wybuch\u0142 rozpadaj\u0105c si\u0119 na wiele od\u0142amk\u00f3w. Min\u0119\u0142y dwa wieki nim uda\u0142o si\u0119 je pozbiera\u0107 w zamkni\u0119tym pude\u0142ku. Miejsce dawnych pa\u0144stw zaj\u0119\u0142y samozwa\u0144cze Rz\u0105dy. W ruinach zamieszka\u0142y wsp\u00f3\u0142pracuj\u0105ce wsp\u00f3lnoty, a z dala od miast narodzi\u0142y si\u0119 nowe osady.<\/p>\n<p align=\"JUSTIFY\">Nauka uleg\u0142a zapomnieniu, technologia sta\u0142a si\u0119 rodzajem magii, \u017cycie wr\u00f3ci\u0142o do normy dla wszystkich opr\u00f3cz ma\u0142ej garstki buntownik\u00f3w, kt\u00f3rzy odkryli, \u017ce pude\u0142ko mo\u017cna jeszcze otworzy\u0107.<\/p>\n<p align=\"JUSTIFY\">\u015awiat po apokalipsie wygl\u0105da inaczej ni\u017c Wam si\u0119 wydawa\u0142o. Uwa\u017cajcie tylko czyimi oczami na niego patrzycie.<\/p>\n<p>&nbsp;<br \/>\n&nbsp;<\/p>\n<p align=\"JUSTIFY\">Ksi\u0105\u017ck\u0119 polecaj\u0105 Anna Hrycyszyn, Marta K\u0142ad\u017a-Kocot i Agnieszka Sudomir:<\/p>\n<p>&nbsp;<\/p>\n<p><em>Koniec \u015bwiata, posthumanizm i magia. Nietuzinkowo przedstawiony motyw postapo, bohaterowie, kt\u00f3rych chcia\u0142abym spotka\u0107, a ca\u0142o\u015b\u0107 napisana lekko i z polotem. Bawi\u0142am si\u0119 \u015bwietnie. Katarzyno, pisz wi\u0119cej!<\/em><\/p>\n<p><strong>Anna Hrycyszyn<\/strong>, autorka powie\u015bci&nbsp;<em>Zatopi\u0107 Niezatapialn\u0105<\/em><br \/>\n&nbsp;<\/p>\n<p><em>Przepis na dobr\u0105 ksi\u0105\u017ck\u0119: we\u017a tyle znanego, by Czytelnik bez trudu si\u0119 w tym odnalaz\u0142, i tyle nowego, by poczu\u0142 si\u0119 przyjemnie zaskoczony. Katarzyna Rupiewicz realizuje ten przepis bezb\u0142\u0119dnie. To si\u0119 po prostu samo czyta!<\/em><\/p>\n<p><strong>Marta K\u0142ad\u017a-Kocot<\/strong>, autorka powie\u015bci&nbsp;<em>Noc kota, dzie\u0144 sowy<\/em><br \/>\n&nbsp;<\/p>\n<p><em>Lekkie pi\u00f3ro i bogata wyobra\u017ania Katarzyny Rupiewicz powoduj\u0105, \u017ce trudno oderwa\u0107 si\u0119 od lektury.<\/em><\/p>\n<p><strong>Agnieszka Sudomir<\/strong>, autorka powie\u015bci<em>&nbsp;Faza REM<\/em><br \/>\n&nbsp;<\/p>\n","protected":false},"excerpt":{"rendered":"<p>Rok wydania: 2018 Wydawca: Genius Creations Fragment &nbsp; &nbsp; Zmys\u0142owa, poetycka, niepoprawna. W niedalekiej przysz\u0142o\u015bci nasz \u015bwiat rozwin\u0105\u0142 si\u0119 technologicznie, a potem wybuch\u0142 rozpadaj\u0105c si\u0119 na wiele od\u0142amk\u00f3w. Min\u0119\u0142y dwa wieki nim uda\u0142o si\u0119 je pozbiera\u0107 w zamkni\u0119tym pude\u0142ku. Miejsce dawnych pa\u0144stw zaj\u0119\u0142y samozwa\u0144cze Rz\u0105dy. W ruinach zamieszka\u0142y wsp\u00f3\u0142pracuj\u0105ce wsp\u00f3lnoty, a z dala od miast&hellip;<\/p>\n","protected":false},"author":1,"featured_media":0,"parent":0,"menu_order":0,"comment_status":"closed","ping_status":"closed","template":"","meta":{"ngg_post_thumbnail":0,"footnotes":""},"_links":{"self":[{"href":"https:\/\/rupiewicz.art\/index.php?rest_route=\/wp\/v2\/pages\/59"}],"collection":[{"href":"https:\/\/rupiewicz.art\/index.php?rest_route=\/wp\/v2\/pages"}],"about":[{"href":"https:\/\/rupiewicz.art\/index.php?rest_route=\/wp\/v2\/types\/page"}],"author":[{"embeddable":true,"href":"https:\/\/rupiewicz.art\/index.php?rest_route=\/wp\/v2\/users\/1"}],"replies":[{"embeddable":true,"href":"https:\/\/rupiewicz.art\/index.php?rest_route=%2Fwp%2Fv2%2Fcomments&post=59"}],"version-history":[{"count":9,"href":"https:\/\/rupiewicz.art\/index.php?rest_route=\/wp\/v2\/pages\/59\/revisions"}],"predecessor-version":[{"id":266,"href":"https:\/\/rupiewicz.art\/index.php?rest_route=\/wp\/v2\/pages\/59\/revisions\/266"}],"wp:attachment":[{"href":"https:\/\/rupiewicz.art\/index.php?rest_route=%2Fwp%2Fv2%2Fmedia&parent=59"}],"curies":[{"name":"wp","href":"https:\/\/api.w.org\/{rel}","templated":true}]}}