{"id":172,"date":"2018-03-18T11:02:18","date_gmt":"2018-03-18T10:02:18","guid":{"rendered":"http:\/\/rupiewicz.art\/?page_id=172"},"modified":"2018-03-18T11:02:18","modified_gmt":"2018-03-18T10:02:18","slug":"konwenty","status":"publish","type":"page","link":"https:\/\/rupiewicz.art\/?page_id=172","title":{"rendered":"Konwenty"},"content":{"rendered":"<!-- index.php -->\n<div\n\tclass=\"ngg-galleryoverview ngg-ajax-pagination-none\"\n\tid=\"ngg-gallery-7ffd89f4ac008ec5e503ee6882d794e8-1\">\n\n    \t<div class=\"slideshowlink\">\n        <a href='https:\/\/rupiewicz.art\/index.php\/nggallery\/slideshow?page_id=172'>&#091;Show slideshow&#093;<\/a>\n\t\t\n\t<\/div>\n\t\t\t<!-- Thumbnails -->\n\t\t\t\t<div id=\"ngg-image-0\" class=\"ngg-gallery-thumbnail-box\" >\n\t\t\t\t        <div class=\"ngg-gallery-thumbnail\">\n            <a href=\"https:\/\/rupiewicz.art\/wp-content\/gallery\/konwenty\/DSC02606.JPG\"\n               title=\"\"\n               data-src=\"https:\/\/rupiewicz.art\/wp-content\/gallery\/konwenty\/DSC02606.JPG\"\n               data-thumbnail=\"https:\/\/rupiewicz.art\/wp-content\/gallery\/konwenty\/thumbs\/thumbs_DSC02606.JPG\"\n               data-image-id=\"10\"\n               data-title=\"Pyrkon 2016\"\n               data-description=\"\"\n               data-image-slug=\"dsc02606\"\n               class=\"ngg-fancybox\" rel=\"7ffd89f4ac008ec5e503ee6882d794e8\">\n                <img\n                    title=\"Pyrkon 2016\"\n                    alt=\"Pyrkon 2016\"\n                    src=\"https:\/\/rupiewicz.art\/wp-content\/gallery\/konwenty\/cache\/DSC02606.JPG-nggid0210-ngg0dyn-240x160x100-00f0w010c010r110f110r010t010.JPG\"\n                    width=\"120\"\n                    height=\"160\"\n                    style=\"max-width:100%;\"\n                \/>\n            <\/a>\n        <\/div>\n\t\t\t\t\t\t\t<\/div> \n\t\t\t\n        \n\t\t\t\t<div id=\"ngg-image-1\" class=\"ngg-gallery-thumbnail-box\" >\n\t\t\t\t        <div class=\"ngg-gallery-thumbnail\">\n            <a href=\"https:\/\/rupiewicz.art\/wp-content\/gallery\/konwenty\/DSC02668.JPG\"\n               title=\"\"\n               data-src=\"https:\/\/rupiewicz.art\/wp-content\/gallery\/konwenty\/DSC02668.JPG\"\n               data-thumbnail=\"https:\/\/rupiewicz.art\/wp-content\/gallery\/konwenty\/thumbs\/thumbs_DSC02668.JPG\"\n               data-image-id=\"11\"\n               data-title=\"Dni Fantastyki 2016\"\n               data-description=\"\"\n               data-image-slug=\"dsc02668\"\n               class=\"ngg-fancybox\" rel=\"7ffd89f4ac008ec5e503ee6882d794e8\">\n                <img\n                    title=\"Dni Fantastyki 2016\"\n                    alt=\"Dni Fantastyki 2016\"\n                    src=\"https:\/\/rupiewicz.art\/wp-content\/gallery\/konwenty\/cache\/DSC02668.JPG-nggid0211-ngg0dyn-240x160x100-00f0w010c010r110f110r010t010.JPG\"\n                    width=\"213\"\n                    height=\"160\"\n                    style=\"max-width:100%;\"\n                \/>\n            <\/a>\n        <\/div>\n\t\t\t\t\t\t\t<\/div> \n\t\t\t\n        \n\t\t\t\t<div id=\"ngg-image-2\" class=\"ngg-gallery-thumbnail-box\" >\n\t\t\t\t        <div class=\"ngg-gallery-thumbnail\">\n            <a href=\"https:\/\/rupiewicz.art\/wp-content\/gallery\/konwenty\/DSC02699.JPG\"\n               title=\"\"\n               data-src=\"https:\/\/rupiewicz.art\/wp-content\/gallery\/konwenty\/DSC02699.JPG\"\n               data-thumbnail=\"https:\/\/rupiewicz.art\/wp-content\/gallery\/konwenty\/thumbs\/thumbs_DSC02699.JPG\"\n               data-image-id=\"12\"\n               data-title=\"Spotkanie premierowe Redlum 2016\"\n               data-description=\"\"\n               data-image-slug=\"dsc02699\"\n               class=\"ngg-fancybox\" rel=\"7ffd89f4ac008ec5e503ee6882d794e8\">\n                <img\n                    title=\"Spotkanie premierowe Redlum 2016\"\n                    alt=\"Spotkanie premierowe Redlum 2016\"\n                    src=\"https:\/\/rupiewicz.art\/wp-content\/gallery\/konwenty\/cache\/DSC02699.JPG-nggid0212-ngg0dyn-240x160x100-00f0w010c010r110f110r010t010.JPG\"\n                    width=\"120\"\n                    height=\"160\"\n                    style=\"max-width:100%;\"\n                \/>\n            <\/a>\n        <\/div>\n\t\t\t\t\t\t\t<\/div> \n\t\t\t\n        \n\t\t\t\t<div id=\"ngg-image-3\" class=\"ngg-gallery-thumbnail-box\" >\n\t\t\t\t        <div class=\"ngg-gallery-thumbnail\">\n            <a href=\"https:\/\/rupiewicz.art\/wp-content\/gallery\/konwenty\/DSC03449_mod.jpg\"\n               title=\"\"\n               data-src=\"https:\/\/rupiewicz.art\/wp-content\/gallery\/konwenty\/DSC03449_mod.jpg\"\n               data-thumbnail=\"https:\/\/rupiewicz.art\/wp-content\/gallery\/konwenty\/thumbs\/thumbs_DSC03449_mod.jpg\"\n               data-image-id=\"13\"\n               data-title=\"Polcon 2016\"\n               data-description=\"\"\n               data-image-slug=\"dsc03449_mod\"\n               class=\"ngg-fancybox\" rel=\"7ffd89f4ac008ec5e503ee6882d794e8\">\n                <img\n                    title=\"Polcon 2016\"\n                    alt=\"Polcon 2016\"\n                    src=\"https:\/\/rupiewicz.art\/wp-content\/gallery\/konwenty\/cache\/DSC03449_mod.jpg-nggid0213-ngg0dyn-240x160x100-00f0w010c010r110f110r010t010.jpg\"\n                    width=\"142\"\n                    height=\"160\"\n                    style=\"max-width:100%;\"\n                \/>\n            <\/a>\n        <\/div>\n\t\t\t\t\t\t\t<\/div> \n\t\t\t\n        \n\t\t\t\t<div id=\"ngg-image-4\" class=\"ngg-gallery-thumbnail-box\" >\n\t\t\t\t        <div class=\"ngg-gallery-thumbnail\">\n            <a href=\"https:\/\/rupiewicz.art\/wp-content\/gallery\/konwenty\/DSC03522.JPG\"\n               title=\"\"\n               data-src=\"https:\/\/rupiewicz.art\/wp-content\/gallery\/konwenty\/DSC03522.JPG\"\n               data-thumbnail=\"https:\/\/rupiewicz.art\/wp-content\/gallery\/konwenty\/thumbs\/thumbs_DSC03522.JPG\"\n               data-image-id=\"14\"\n               data-title=\"\u015al\u0105skie Targi Ksi\u0105\u017cki 2016\"\n               data-description=\"\"\n               data-image-slug=\"dsc03522\"\n               class=\"ngg-fancybox\" rel=\"7ffd89f4ac008ec5e503ee6882d794e8\">\n                <img\n                    title=\"\u015al\u0105skie Targi Ksi\u0105\u017cki 2016\"\n                    alt=\"\u015al\u0105skie Targi Ksi\u0105\u017cki 2016\"\n                    src=\"https:\/\/rupiewicz.art\/wp-content\/gallery\/konwenty\/cache\/DSC03522.JPG-nggid0214-ngg0dyn-240x160x100-00f0w010c010r110f110r010t010.JPG\"\n                    width=\"213\"\n                    height=\"160\"\n                    style=\"max-width:100%;\"\n                \/>\n            <\/a>\n        <\/div>\n\t\t\t\t\t\t\t<\/div> \n\t\t\t\n        \n\t\t\t\t<div id=\"ngg-image-5\" class=\"ngg-gallery-thumbnail-box\" >\n\t\t\t\t        <div class=\"ngg-gallery-thumbnail\">\n            <a href=\"https:\/\/rupiewicz.art\/wp-content\/gallery\/konwenty\/DSC03662.JPG\"\n               title=\"\"\n               data-src=\"https:\/\/rupiewicz.art\/wp-content\/gallery\/konwenty\/DSC03662.JPG\"\n               data-thumbnail=\"https:\/\/rupiewicz.art\/wp-content\/gallery\/konwenty\/thumbs\/thumbs_DSC03662.JPG\"\n               data-image-id=\"15\"\n               data-title=\"Dni Fantastyki 2017\"\n               data-description=\"\"\n               data-image-slug=\"dsc03662\"\n               class=\"ngg-fancybox\" rel=\"7ffd89f4ac008ec5e503ee6882d794e8\">\n                <img\n                    title=\"Dni Fantastyki 2017\"\n                    alt=\"Dni Fantastyki 2017\"\n                    src=\"https:\/\/rupiewicz.art\/wp-content\/gallery\/konwenty\/cache\/DSC03662.JPG-nggid0215-ngg0dyn-240x160x100-00f0w010c010r110f110r010t010.JPG\"\n                    width=\"213\"\n                    height=\"160\"\n                    style=\"max-width:100%;\"\n                \/>\n            <\/a>\n        <\/div>\n\t\t\t\t\t\t\t<\/div> \n\t\t\t\n        \n\t\t\t\t<div id=\"ngg-image-6\" class=\"ngg-gallery-thumbnail-box\" >\n\t\t\t\t        <div class=\"ngg-gallery-thumbnail\">\n            <a href=\"https:\/\/rupiewicz.art\/wp-content\/gallery\/konwenty\/Gliwice_06_16.jpg\"\n               title=\"\"\n               data-src=\"https:\/\/rupiewicz.art\/wp-content\/gallery\/konwenty\/Gliwice_06_16.jpg\"\n               data-thumbnail=\"https:\/\/rupiewicz.art\/wp-content\/gallery\/konwenty\/thumbs\/thumbs_Gliwice_06_16.jpg\"\n               data-image-id=\"16\"\n               data-title=\"Gliwice 2016\"\n               data-description=\"\"\n               data-image-slug=\"gliwice_06_16\"\n               class=\"ngg-fancybox\" rel=\"7ffd89f4ac008ec5e503ee6882d794e8\">\n                <img\n                    title=\"Gliwice 2016\"\n                    alt=\"Gliwice 2016\"\n                    src=\"https:\/\/rupiewicz.art\/wp-content\/gallery\/konwenty\/cache\/Gliwice_06_16.jpg-nggid0216-ngg0dyn-240x160x100-00f0w010c010r110f110r010t010.jpg\"\n                    width=\"213\"\n                    height=\"160\"\n                    style=\"max-width:100%;\"\n                \/>\n            <\/a>\n        <\/div>\n\t\t\t\t\t\t\t<\/div> \n\t\t\t\n        \n\t\t\t\t<div id=\"ngg-image-7\" class=\"ngg-gallery-thumbnail-box\" >\n\t\t\t\t        <div class=\"ngg-gallery-thumbnail\">\n            <a href=\"https:\/\/rupiewicz.art\/wp-content\/gallery\/konwenty\/imladris_17.JPG\"\n               title=\"\"\n               data-src=\"https:\/\/rupiewicz.art\/wp-content\/gallery\/konwenty\/imladris_17.JPG\"\n               data-thumbnail=\"https:\/\/rupiewicz.art\/wp-content\/gallery\/konwenty\/thumbs\/thumbs_imladris_17.JPG\"\n               data-image-id=\"17\"\n               data-title=\"Imladris 2017\"\n               data-description=\"\"\n               data-image-slug=\"imladris_17\"\n               class=\"ngg-fancybox\" rel=\"7ffd89f4ac008ec5e503ee6882d794e8\">\n                <img\n                    title=\"Imladris 2017\"\n                    alt=\"Imladris 2017\"\n                    src=\"https:\/\/rupiewicz.art\/wp-content\/gallery\/konwenty\/cache\/imladris_17.JPG-nggid0217-ngg0dyn-240x160x100-00f0w010c010r110f110r010t010.JPG\"\n                    width=\"213\"\n                    height=\"160\"\n                    style=\"max-width:100%;\"\n                \/>\n            <\/a>\n        <\/div>\n\t\t\t\t\t\t\t<\/div> \n\t\t\t\n        \n\t\t\t\t<div id=\"ngg-image-8\" class=\"ngg-gallery-thumbnail-box\" >\n\t\t\t\t        <div class=\"ngg-gallery-thumbnail\">\n            <a href=\"https:\/\/rupiewicz.art\/wp-content\/gallery\/konwenty\/prel1.jpg\"\n               title=\"\"\n               data-src=\"https:\/\/rupiewicz.art\/wp-content\/gallery\/konwenty\/prel1.jpg\"\n               data-thumbnail=\"https:\/\/rupiewicz.art\/wp-content\/gallery\/konwenty\/thumbs\/thumbs_prel1.jpg\"\n               data-image-id=\"18\"\n               data-title=\"Medalikon 2016\"\n               data-description=\"\"\n               data-image-slug=\"prel1\"\n               class=\"ngg-fancybox\" rel=\"7ffd89f4ac008ec5e503ee6882d794e8\">\n                <img\n                    title=\"Medalikon 2016\"\n                    alt=\"Medalikon 2016\"\n                    src=\"https:\/\/rupiewicz.art\/wp-content\/gallery\/konwenty\/cache\/prel1.jpg-nggid0218-ngg0dyn-240x160x100-00f0w010c010r110f110r010t010.jpg\"\n                    width=\"96\"\n                    height=\"160\"\n                    style=\"max-width:100%;\"\n                \/>\n            <\/a>\n        <\/div>\n\t\t\t\t\t\t\t<\/div> \n\t\t\t\n        \n\t\t\t\t<div id=\"ngg-image-9\" class=\"ngg-gallery-thumbnail-box\" >\n\t\t\t\t        <div class=\"ngg-gallery-thumbnail\">\n            <a href=\"https:\/\/rupiewicz.art\/wp-content\/gallery\/konwenty\/Jesienne_Spotkania.jpg\"\n               title=\"\"\n               data-src=\"https:\/\/rupiewicz.art\/wp-content\/gallery\/konwenty\/Jesienne_Spotkania.jpg\"\n               data-thumbnail=\"https:\/\/rupiewicz.art\/wp-content\/gallery\/konwenty\/thumbs\/thumbs_Jesienne_Spotkania.jpg\"\n               data-image-id=\"23\"\n               data-title=\"Jesienne Spotkania z Fantastyk\u0105 2017\"\n               data-description=\"\"\n               data-image-slug=\"jesienne_spotkania\"\n               class=\"ngg-fancybox\" rel=\"7ffd89f4ac008ec5e503ee6882d794e8\">\n                <img\n                    title=\"Jesienne Spotkania z Fantastyk\u0105 2017\"\n                    alt=\"Jesienne Spotkania z Fantastyk\u0105 2017\"\n                    src=\"https:\/\/rupiewicz.art\/wp-content\/gallery\/konwenty\/cache\/Jesienne_Spotkania.jpg-nggid0223-ngg0dyn-240x160x100-00f0w010c010r110f110r010t010.jpg\"\n                    width=\"213\"\n                    height=\"160\"\n                    style=\"max-width:100%;\"\n                \/>\n            <\/a>\n        <\/div>\n\t\t\t\t\t\t\t<\/div> \n\t\t\t\n        \n\t\t\t\t<div id=\"ngg-image-10\" class=\"ngg-gallery-thumbnail-box\" >\n\t\t\t\t        <div class=\"ngg-gallery-thumbnail\">\n            <a href=\"https:\/\/rupiewicz.art\/wp-content\/gallery\/konwenty\/IMG_1606.JPG\"\n               title=\"\"\n               data-src=\"https:\/\/rupiewicz.art\/wp-content\/gallery\/konwenty\/IMG_1606.JPG\"\n               data-thumbnail=\"https:\/\/rupiewicz.art\/wp-content\/gallery\/konwenty\/thumbs\/thumbs_IMG_1606.JPG\"\n               data-image-id=\"24\"\n               data-title=\"Premiera &quot;\u015awiata w Pude\u0142ku&quot; 2018\"\n               data-description=\"\"\n               data-image-slug=\"img_1606\"\n               class=\"ngg-fancybox\" rel=\"7ffd89f4ac008ec5e503ee6882d794e8\">\n                <img\n                    title=\"Premiera &quot;\u015awiata w Pude\u0142ku&quot; 2018\"\n                    alt=\"Premiera &quot;\u015awiata w Pude\u0142ku&quot; 2018\"\n                    src=\"https:\/\/rupiewicz.art\/wp-content\/gallery\/konwenty\/cache\/IMG_1606.JPG-nggid0224-ngg0dyn-240x160x100-00f0w010c010r110f110r010t010.JPG\"\n                    width=\"213\"\n                    height=\"160\"\n                    style=\"max-width:100%;\"\n                \/>\n            <\/a>\n        <\/div>\n\t\t\t\t\t\t\t<\/div> \n\t\t\t\n        \n\t\t\t\t<div id=\"ngg-image-11\" class=\"ngg-gallery-thumbnail-box\" >\n\t\t\t\t        <div class=\"ngg-gallery-thumbnail\">\n            <a href=\"https:\/\/rupiewicz.art\/wp-content\/gallery\/konwenty\/MarszowickiePola.jpg\"\n               title=\"\"\n               data-src=\"https:\/\/rupiewicz.art\/wp-content\/gallery\/konwenty\/MarszowickiePola.jpg\"\n               data-thumbnail=\"https:\/\/rupiewicz.art\/wp-content\/gallery\/konwenty\/thumbs\/thumbs_MarszowickiePola.jpg\"\n               data-image-id=\"25\"\n               data-title=\"MarszowickiePola - \u015aDF 2018\"\n               data-description=\"\"\n               data-image-slug=\"marszowickiepola\"\n               class=\"ngg-fancybox\" rel=\"7ffd89f4ac008ec5e503ee6882d794e8\">\n                <img\n                    title=\"MarszowickiePola - \u015aDF 2018\"\n                    alt=\"MarszowickiePola - \u015aDF 2018\"\n                    src=\"https:\/\/rupiewicz.art\/wp-content\/gallery\/konwenty\/cache\/MarszowickiePola.jpg-nggid0225-ngg0dyn-240x160x100-00f0w010c010r110f110r010t010.jpg\"\n                    width=\"240\"\n                    height=\"160\"\n                    style=\"max-width:100%;\"\n                \/>\n            <\/a>\n        <\/div>\n\t\t\t\t\t\t\t<\/div> \n\t\t\t\n        \n\t\t\n\t\t<!-- Pagination -->\n\t<div class='ngg-clear'><\/div>\t<\/div>\n\n","protected":false},"excerpt":{"rendered":"<p>&#8221; order_by=&#8221;sortorder&#8221; order_direction=&#8221;ASC&#8221; returns=&#8221;included&#8221; maximum_entity_count=&#8221;500&#8243;]<\/p>\n","protected":false},"author":1,"featured_media":0,"parent":0,"menu_order":0,"comment_status":"closed","ping_status":"closed","template":"","meta":{"ngg_post_thumbnail":0,"footnotes":""},"_links":{"self":[{"href":"https:\/\/rupiewicz.art\/index.php?rest_route=\/wp\/v2\/pages\/172"}],"collection":[{"href":"https:\/\/rupiewicz.art\/index.php?rest_route=\/wp\/v2\/pages"}],"about":[{"href":"https:\/\/rupiewicz.art\/index.php?rest_route=\/wp\/v2\/types\/page"}],"author":[{"embeddable":true,"href":"https:\/\/rupiewicz.art\/index.php?rest_route=\/wp\/v2\/users\/1"}],"replies":[{"embeddable":true,"href":"https:\/\/rupiewicz.art\/index.php?rest_route=%2Fwp%2Fv2%2Fcomments&post=172"}],"version-history":[{"count":2,"href":"https:\/\/rupiewicz.art\/index.php?rest_route=\/wp\/v2\/pages\/172\/revisions"}],"predecessor-version":[{"id":174,"href":"https:\/\/rupiewicz.art\/index.php?rest_route=\/wp\/v2\/pages\/172\/revisions\/174"}],"wp:attachment":[{"href":"https:\/\/rupiewicz.art\/index.php?rest_route=%2Fwp%2Fv2%2Fmedia&parent=172"}],"curies":[{"name":"wp","href":"https:\/\/api.w.org\/{rel}","templated":true}]}}