{"id":16,"date":"2018-03-10T16:05:04","date_gmt":"2018-03-10T15:05:04","guid":{"rendered":"http:\/\/rupiewicz.art\/?page_id=16"},"modified":"2023-10-22T17:59:12","modified_gmt":"2023-10-22T15:59:12","slug":"autor-bio","status":"publish","type":"page","link":"https:\/\/rupiewicz.art\/","title":{"rendered":"Katarzyna Rupiewicz"},"content":{"rendered":"<figure id=\"attachment_8\" aria-describedby=\"caption-attachment-8\" style=\"width: 225px\" class=\"wp-caption alignleft\"><img decoding=\"async\" loading=\"lazy\" class=\"size-medium wp-image-8\" src=\"https:\/\/rupiewicz.art\/wp-content\/uploads\/2018\/03\/cropped-Rupiewicz-225x300.jpg\" alt=\"\" width=\"225\" height=\"300\"><figcaption id=\"caption-attachment-8\" class=\"wp-caption-text\">fot. Szymon Gonera<\/figcaption><\/figure>\n<p align=\"JUSTIFY\">Debiutowa\u0142a wierszem w dwutygodniku \u201eWojska L\u0105dowe\u201d. Prac\u0119 magistersk\u0105 z socjologii pisa\u0142a o antyutopiach. Tematem licencjatu z j\u0119zyka francuskiego by\u0142y schody, a promotor zarzuca\u0142 jej styl powie\u015bci detektywistycznej.<\/p>\n<p align=\"JUSTIFY\">Pracuje w IT jako devops. Nale\u017cy do <a href=\"http:\/\/www.sekcjalogrus.slask.pl\/?page_id=635\">Sekcji Literackiej Logrus<\/a> i <a href=\"http:\/\/www.skf.org.pl\/\">\u015al\u0105skiego Klubu Fantastyki<\/a>. Czasami popularyzuje wiedz\u0119 na temat nowych technologii.<\/p>\n<p align=\"JUSTIFY\">Troch\u0119 si\u0119 wspina, rzadziej ma okazj\u0119 chodzi\u0107 po g\u00f3rach. Jak wi\u0119kszo\u015b\u0107 fantast\u00f3w uwielbia koty, bro\u0144 i papierowe ksi\u0105\u017cki. Poza tym kolekcjonuje alkohole, lubi teatr, filmy walki i mleko czekoladowe.<\/p>\n<p align=\"JUSTIFY\">Publikowa\u0142a opowiadania w \u201eSzortalu\u201d, \u201eEsensji\u201d i \u201eSmokopolitanie\u201d, a tak\u017ce w antologiach \u015awiaty R\u00f3wnoleg\u0142e i Dreszcze. By\u0142a laureatk\u0105 Olimpiady Literatury i J\u0119zyka Polskiego. Debiutowa\u0142a w 2016 powie\u015bci\u0105 fantasy Redlum, a w 2018 ukaza\u0142 si\u0119 \u015awiat w pude\u0142ku. Pisze od zawsze. Na co dzie\u0144 jest bardzo uporz\u0105dkowan\u0105 osob\u0105.<\/p>\n","protected":false},"excerpt":{"rendered":"<p>Debiutowa\u0142a wierszem w dwutygodniku \u201eWojska L\u0105dowe\u201d. Prac\u0119 magistersk\u0105 z socjologii pisa\u0142a o antyutopiach. Tematem licencjatu z j\u0119zyka francuskiego by\u0142y schody, a promotor zarzuca\u0142 jej styl powie\u015bci detektywistycznej. Pracuje w IT jako devops. Nale\u017cy do Sekcji Literackiej Logrus i \u015al\u0105skiego Klubu Fantastyki. Czasami popularyzuje wiedz\u0119 na temat nowych technologii. Troch\u0119 si\u0119 wspina, rzadziej ma okazj\u0119 chodzi\u0107&hellip;<\/p>\n","protected":false},"author":1,"featured_media":0,"parent":0,"menu_order":2,"comment_status":"closed","ping_status":"closed","template":"","meta":{"ngg_post_thumbnail":0,"footnotes":""},"_links":{"self":[{"href":"https:\/\/rupiewicz.art\/index.php?rest_route=\/wp\/v2\/pages\/16"}],"collection":[{"href":"https:\/\/rupiewicz.art\/index.php?rest_route=\/wp\/v2\/pages"}],"about":[{"href":"https:\/\/rupiewicz.art\/index.php?rest_route=\/wp\/v2\/types\/page"}],"author":[{"embeddable":true,"href":"https:\/\/rupiewicz.art\/index.php?rest_route=\/wp\/v2\/users\/1"}],"replies":[{"embeddable":true,"href":"https:\/\/rupiewicz.art\/index.php?rest_route=%2Fwp%2Fv2%2Fcomments&post=16"}],"version-history":[{"count":12,"href":"https:\/\/rupiewicz.art\/index.php?rest_route=\/wp\/v2\/pages\/16\/revisions"}],"predecessor-version":[{"id":275,"href":"https:\/\/rupiewicz.art\/index.php?rest_route=\/wp\/v2\/pages\/16\/revisions\/275"}],"wp:attachment":[{"href":"https:\/\/rupiewicz.art\/index.php?rest_route=%2Fwp%2Fv2%2Fmedia&parent=16"}],"curies":[{"name":"wp","href":"https:\/\/api.w.org\/{rel}","templated":true}]}}